{"id":2655,"date":"2019-09-04T14:57:03","date_gmt":"2019-09-04T14:57:03","guid":{"rendered":"https:\/\/mornahomes.stg.mind-shaker.com\/home\/"},"modified":"2023-07-28T08:58:12","modified_gmt":"2023-07-28T08:58:12","slug":"home","status":"publish","type":"page","link":"https:\/\/mornahomes.com\/fr\/","title":{"rendered":"Home"},"content":{"rendered":"<h1>\n<p>MORNA HOMES<br \/><span class=\"uk-heading-medium\">Votre Maison dans L\u2019Atlantique<\/span><\/p>\n<\/h1>\n<h2>Venez d\u00e9couvrir une de nos \u00eeles<\/h2>\n<p><img decoding=\"async\" src=\"\/wp-content\/uploads\/2022\/09\/Path-50.png\" alt=\"\"><br \/>\n<img decoding=\"async\" src=\"\/wp-content\/uploads\/2022\/09\/Path-45.png\" alt=\"\"><br \/>\n<img decoding=\"async\" src=\"\/wp-content\/uploads\/2022\/09\/Group-9.png\" alt=\"\"><br \/>\n<img decoding=\"async\" src=\"\/wp-content\/uploads\/2022\/09\/Path-50.png\" alt=\"\"><\/p>\n<h3><a href=\"\/fr\/alojamento\/pico-fr\/\">Pico<\/a><\/h3>\n<div>\n<p>Morna Homes a l\u2019une des maisons les plus c\u00e9l\u00e8bres de l\u2019\u00eele qui vous attend, avec une vue privil\u00e9gi\u00e9e sur la charmante plus haute montagne du Portugal.<\/p>\n<\/div>\n<p><img decoding=\"async\" src=\"\/wp-content\/uploads\/2022\/09\/Path-45.png\" alt=\"\"><\/p>\n<h3><a href=\"\/fr\/alojamento\/madeira-fr\/\">Mad\u00e8re<\/a><\/h3>\n<div>\n<p>D\u00e9couvrez Mad\u00e8re depuis Funchal. Les maisons Morna Homes sont la base id\u00e9ale pour explorer la ville et d\u00e9couvrir l\u2019ile.<\/p>\n<\/div>\n<p><img decoding=\"async\" src=\"\/wp-content\/uploads\/2022\/09\/Group-9.png\" alt=\"\"><\/p>\n<h3><a href=\"\/fr\/alojamento\/porto-santo-fr\/\">Porto Santo<\/a><\/h3>\n<div>\n<p>Nous vous attendons sur cette \u00eele dor\u00e9e, aux neuf Kilom\u00e8tres de sable, baign\u00e9s par une mer bleue turquoise \u00e0 temp\u00e9rature douce.<\/p>\n<\/div>\n<div>Sur nous<\/div>\n<h2>\n<p>Une famille pr\u00eate \u00e0 vous accueillir<\/p>\n<\/h2>\n<div>\n<p>Sur chacune des \u00eeles que vous choisirez, vous aurez l\u2019affection et l\u2019amiti\u00e9 de la famille Morna.Tout a commenc\u00e9 avec Miguel Morna,un homme qui a partag\u00e9 sa vie et son amour pour Mad\u00e8re et pour  A\u00e7ores,cr\u00e9ant de nouvelles amiti\u00e9s et adoptant l\u2019art de l\u2019hospitalit\u00e9 entre les deux archipels. Ainsi, Morna Homes est n\u00e9e. <\/p>\n<p>Venez mieux conna\u00eetre la famille qui vous accueillera!<\/p>\n<\/div>\n<p>\n    <a href=\"\/fr\/sobre-nos\/\">Sur Nous<\/a>\n<\/p>\n<ul>\n<li>\n<p>        <img decoding=\"async\" src=\"\/wp-content\/uploads\/2022\/10\/sobre_nos_03A.jpg\" alt=\"\"><\/p>\n<p><a href=\"\/index.php?page_id=8\"><\/a><\/p>\n<\/li>\n<li>\n<p>        <img decoding=\"async\" src=\"\/wp-content\/uploads\/2022\/10\/sobre_nos_03B.jpg\" alt=\"\"><\/p>\n<p><a href=\"\/index.php?page_id=4#office\"><\/a><\/p>\n<\/li>\n<\/ul>\n<h2>Votre avis est tr\u00e8s important pour nous<\/h2>\n<div>\n<\/div>\n<p><!--more--><br \/>\n<!-- {\"name\":\"Home\",\"type\":\"layout\",\"children\":[{\"type\":\"section\",\"props\":{\"style\":\"default\",\"width\":\"default\",\"vertical_align\":\"middle\",\"title_position\":\"top-left\",\"title_rotation\":\"left\",\"title_breakpoint\":\"xl\",\"image_position\":\"center-center\",\"image\":\"wp-content\\\/uploads\\\/2022\\\/09\\\/hero.jpg\",\"image_size\":\"cover\",\"height\":\"full\",\"media_overlay\":\"rgba(0, 0, 0, 0.35)\"},\"children\":[{\"type\":\"row\",\"children\":[{\"type\":\"column\",\"props\":{\"position_sticky_breakpoint\":\"m\",\"image_position\":\"center-center\",\"media_overlay_gradient\":\"\",\"vertical_align\":\"middle\"},\"children\":[{\"type\":\"headline\",\"props\":{\"title_element\":\"h1\",\"text_align\":\"center\",\"margin_remove_bottom\":true,\"content\":\"\n\n<p>MORNA HOMES<br \\\/><span class=\\\"uk-heading-medium\\\">Votre Maison dans L\\u2019Atlantique<\\\/span><\\\/p>\",\"title_style\":\"heading-large\"}}]}]}]},{\"type\":\"section\",\"props\":{\"style\":\"default\",\"width\":\"xlarge\",\"vertical_align\":\"middle\",\"title_position\":\"top-left\",\"title_rotation\":\"left\",\"title_breakpoint\":\"xl\",\"image_position\":\"center-center\",\"padding\":\"small\",\"padding_remove_bottom\":true},\"children\":[{\"type\":\"row\",\"children\":[{\"type\":\"column\",\"props\":{\"position_sticky_breakpoint\":\"m\",\"image_position\":\"center-center\",\"media_overlay_gradient\":\"\"},\"children\":[{\"type\":\"headline\",\"props\":{\"title_element\":\"h2\",\"content\":\"Venez d\\u00e9couvrir une de nos \\u00eeles\",\"title_color\":\"primary\",\"text_align\":\"center\"}}]}],\"props\":{\"margin\":\"large\"}},{\"type\":\"row\",\"props\":{\"layout\":\"1-3,1-3,1-3\",\"width\":\"xlarge\",\"class\":\"uk-visible@m\",\"margin_remove_bottom\":false},\"children\":[{\"type\":\"column\",\"props\":{\"position_sticky_breakpoint\":\"m\",\"image_position\":\"center-center\",\"media_overlay_gradient\":\"\",\"width_medium\":\"1-3\"},\"children\":[{\"type\":\"image\",\"props\":{\"margin\":\"default\",\"image_svg_color\":\"emphasis\",\"image\":\"wp-content\\\/uploads\\\/2022\\\/09\\\/Path-50.png\",\"text_align\":\"center\"}}]},{\"type\":\"column\",\"props\":{\"position_sticky_breakpoint\":\"m\",\"image_position\":\"center-center\",\"media_overlay_gradient\":\"\",\"width_medium\":\"1-3\"},\"children\":[{\"type\":\"image\",\"props\":{\"margin\":\"default\",\"image_svg_color\":\"emphasis\",\"image\":\"wp-content\\\/uploads\\\/2022\\\/09\\\/Path-45.png\",\"text_align\":\"center\"}}]},{\"type\":\"column\",\"props\":{\"position_sticky_breakpoint\":\"m\",\"image_position\":\"center-center\",\"media_overlay_gradient\":\"\",\"width_medium\":\"1-3\"},\"children\":[{\"type\":\"image\",\"props\":{\"margin\":\"default\",\"image_svg_color\":\"emphasis\",\"image\":\"wp-content\\\/uploads\\\/2022\\\/09\\\/Group-9.png\",\"text_align\":\"center\"}}]}]},{\"type\":\"row\",\"props\":{\"layout\":\"1-3,1-3,1-3\",\"width\":\"xlarge\",\"margin_remove_top\":true},\"children\":[{\"type\":\"column\",\"props\":{\"position_sticky_breakpoint\":\"m\",\"image_position\":\"center-center\",\"media_overlay_gradient\":\"\",\"width_medium\":\"1-3\"},\"children\":[{\"type\":\"image\",\"props\":{\"margin\":\"default\",\"image_svg_color\":\"emphasis\",\"image\":\"wp-content\\\/uploads\\\/2022\\\/09\\\/Path-50.png\",\"text_align\":\"center\",\"visibility\":\"hidden-m\"}},{\"type\":\"headline\",\"props\":{\"title_element\":\"h3\",\"title_color\":\"secondary\",\"text_align\":\"center\",\"content\":\"Pico\",\"link\":\"\\\/fr\\\/alojamento\\\/pico-fr\\\/\",\"css\":\"@media(max-width:960px){\\n.el-element{\\n\\tfont-size: 27px;\\n}\\t\\n}\"}},{\"type\":\"text\",\"props\":{\"margin\":\"default\",\"column_breakpoint\":\"m\",\"text_align\":\"center\",\"content\":\"\n\n<p>Morna Homes a l\\u2019une des maisons les plus c\\u00e9l\\u00e8bres de l\\u2019\\u00eele qui vous attend, avec une vue privil\\u00e9gi\\u00e9e sur la charmante plus haute montagne du Portugal.<\\\/p>\",\"text_style\":\"lead\",\"css\":\".el-element{\\n\\tfont-size: 21px;\\n    line-height: 30px;\\n}\",\"maxwidth\":\"large\",\"block_align\":\"center\"}}]},{\"type\":\"column\",\"props\":{\"position_sticky_breakpoint\":\"m\",\"image_position\":\"center-center\",\"media_overlay_gradient\":\"\",\"width_medium\":\"1-3\"},\"children\":[{\"type\":\"image\",\"props\":{\"margin\":\"default\",\"image_svg_color\":\"emphasis\",\"image\":\"wp-content\\\/uploads\\\/2022\\\/09\\\/Path-45.png\",\"text_align\":\"center\",\"visibility\":\"hidden-m\"}},{\"type\":\"headline\",\"props\":{\"title_element\":\"h3\",\"title_color\":\"secondary\",\"text_align\":\"center\",\"content\":\"Mad\\u00e8re\",\"link\":\"\\\/fr\\\/alojamento\\\/madeira-fr\\\/\",\"css\":\"@media(max-width:960px){\\n.el-element{\\n\\tfont-size: 27px;\\n}\\t\\n}\"}},{\"type\":\"text\",\"props\":{\"margin\":\"default\",\"column_breakpoint\":\"m\",\"text_align\":\"center\",\"content\":\"\n\n<p>D\\u00e9couvrez Mad\\u00e8re depuis Funchal. Les maisons Morna Homes sont la base id\\u00e9ale pour explorer la ville et d\\u00e9couvrir l\\u2019ile.<\\\/p>\",\"text_style\":\"lead\",\"css\":\".el-element{\\n\\tfont-size: 21px;\\n    line-height: 30px;\\n}\",\"maxwidth\":\"large\",\"block_align\":\"center\"}}]},{\"type\":\"column\",\"props\":{\"position_sticky_breakpoint\":\"m\",\"image_position\":\"center-center\",\"media_overlay_gradient\":\"\",\"width_medium\":\"1-3\"},\"children\":[{\"type\":\"image\",\"props\":{\"margin\":\"default\",\"image_svg_color\":\"emphasis\",\"image\":\"wp-content\\\/uploads\\\/2022\\\/09\\\/Group-9.png\",\"text_align\":\"center\",\"visibility\":\"hidden-m\"}},{\"type\":\"headline\",\"props\":{\"title_element\":\"h3\",\"title_color\":\"secondary\",\"text_align\":\"center\",\"content\":\"Porto Santo\",\"link\":\"\\\/fr\\\/alojamento\\\/porto-santo-fr\\\/\",\"css\":\"@media(max-width:960px){\\n.el-element{\\n\\tfont-size: 27px;\\n}\\t\\n}\"}},{\"type\":\"text\",\"props\":{\"margin\":\"default\",\"column_breakpoint\":\"m\",\"text_align\":\"center\",\"content\":\"\n\n<p>Nous vous attendons sur cette \\u00eele dor\\u00e9e, aux neuf Kilom\\u00e8tres de sable, baign\\u00e9s par une mer bleue turquoise \\u00e0 temp\\u00e9rature douce.<\\\/p>\",\"text_style\":\"lead\",\"css\":\".el-element{\\n\\tfont-size: 21px;\\n    line-height: 30px;\\n}\",\"maxwidth\":\"large\",\"block_align\":\"center\"}}]}]}],\"name\":\"Ilhas\"},{\"name\":\"About\",\"type\":\"section\",\"props\":{\"style\":\"default\",\"width\":\"xlarge\",\"vertical_align\":\"middle\",\"title_position\":\"top-left\",\"title_rotation\":\"left\",\"title_breakpoint\":\"xl\",\"image_position\":\"top-right\",\"padding\":\"xsmall\",\"image\":\"wp-content\\\/uploads\\\/2022\\\/09\\\/about_us_fr.svg\",\"image_effect\":\"parallax\",\"image_parallax_bgx_start\":\"-80\",\"image_parallax_bgy_start\":\"150\",\"image_parallax_bgx_end\":\"-80\",\"image_parallax_bgy_end\":\"400\",\"animation\":\"slide-left-medium\",\"animation_delay\":\"200\",\"css\":\"@media(min-width: 960px) {\\n\\t.el-section > div { padding-top: 280px; }\\n}\\n\\n\",\"padding_remove_bottom\":true,\"media_visibility\":\"s\",\"padding_remove_top\":false},\"children\":[{\"name\":\"\",\"type\":\"row\",\"props\":{\"layout\":\"large,expand\",\"column_gap\":\"large\",\"row_gap\":\"large\"},\"children\":[{\"name\":\"\",\"type\":\"column\",\"props\":{\"image_position\":\"center-center\",\"media_overlay_gradient\":\"\",\"width_large\":\"xlarge\",\"position_sticky_breakpoint\":\"m\"},\"children\":[{\"name\":\"\",\"type\":\"headline\",\"props\":{\"title_element\":\"div\",\"content\":\"Sur nous\",\"title_style\":\"h6\",\"title_color\":\"secondary\"}},{\"name\":\"\",\"type\":\"headline\",\"props\":{\"title_element\":\"h2\",\"content\":\"\n\n<p>Une famille pr\\u00eate \\u00e0 vous accueillir<\\\/p>\",\"margin\":\"remove-vertical\",\"title_style\":\"h4\",\"title_color\":\"primary\",\"maxwidth\":\"large\",\"css\":\"@media(max-width:960px){\\n.el-element{\\n\\tfont-size: 34px;\\n}\\t\\n}\"}},{\"name\":\"\",\"type\":\"text\",\"props\":{\"margin\":\"default\",\"column_breakpoint\":\"m\",\"content\":\"\n\n<p>Sur chacune des \\u00eeles que vous choisirez, vous aurez l\\u2019affection et l\\u2019amiti\\u00e9 de la famille Morna.Tout a commenc\\u00e9 avec Miguel Morna,un homme qui a partag\\u00e9 sa vie et son amour pour Mad\\u00e8re et pour  A\\u00e7ores,cr\\u00e9ant de nouvelles amiti\\u00e9s et adoptant l\\u2019art de l\\u2019hospitalit\\u00e9 entre les deux archipels. Ainsi, Morna Homes est n\\u00e9e. \\n<br \\\/><br \\\/>Venez mieux conna\\u00eetre la famille qui vous accueillera!<\\\/p>\",\"maxwidth\":\"xlarge\"}},{\"name\":\"\",\"type\":\"button\",\"props\":{\"margin\":\"default\",\"button_size\":\"small\",\"fullwidth\":false,\"grid_column_gap\":\"small\",\"grid_row_gap\":\"small\"},\"children\":[{\"name\":\"\",\"type\":\"button_item\",\"props\":{\"button_style\":\"secondary\",\"icon_align\":\"left\",\"content\":\"Sur Nous\",\"link\":\"\\\/fr\\\/sobre-nos\\\/\"}}]}]},{\"name\":\"\",\"type\":\"column\",\"props\":{\"image_position\":\"center-center\",\"image\":\"\",\"media_overlay_gradient\":\"\",\"width_large\":\"expand\",\"position_sticky_breakpoint\":\"m\"},\"children\":[{\"name\":\"\",\"type\":\"grid\",\"props\":{\"show_title\":true,\"show_meta\":true,\"show_content\":true,\"show_image\":true,\"show_link\":false,\"grid_default\":\"2\",\"grid_medium\":\"\",\"filter_style\":\"tab\",\"filter_all\":true,\"filter_position\":\"top\",\"filter_align\":\"left\",\"filter_grid_width\":\"auto\",\"title_element\":\"h3\",\"meta_style\":\"meta\",\"meta_align\":\"below-title\",\"image_align\":\"top\",\"image_grid_width\":\"1-2\",\"link_text\":\"\",\"link_style\":\"default\",\"margin\":\"default\",\"css\":\"@media (min-width: 960px) {\\n    .uk-first-column > .el-item {\\n        margin-top: 80px;\\n    }\\n}\",\"title_style\":\"h6\",\"image_width\":\"530\",\"image_height\":\"700\",\"item_animation\":true,\"image_svg_color\":\"emphasis\",\"title_align\":\"top\",\"title_grid_width\":\"1-2\",\"title_hover_style\":\"reset\",\"filter_grid_breakpoint\":\"m\",\"title_grid_breakpoint\":\"m\",\"image_grid_breakpoint\":\"m\",\"title_link\":true,\"image_link\":true,\"icon_width\":80,\"meta_element\":\"div\",\"content_column_breakpoint\":\"m\",\"animation\":\"slide-left-medium\"},\"children\":[{\"name\":\"\",\"type\":\"grid_item\",\"props\":{\"image\":\"wp-content\\\/uploads\\\/2022\\\/10\\\/sobre_nos_03A.jpg\",\"title\":\"\",\"meta\":\"\",\"link\":\"index.php?page_id=8\"}},{\"name\":\"\",\"type\":\"grid_item\",\"props\":{\"image\":\"wp-content\\\/uploads\\\/2022\\\/10\\\/sobre_nos_03B.jpg\",\"title\":\"\",\"meta\":\"\",\"link\":\"index.php?page_id=4#office\"}}]}]}]}]},{\"type\":\"section\",\"props\":{\"style\":\"default\",\"width\":\"default\",\"vertical_align\":\"middle\",\"title_position\":\"top-left\",\"title_rotation\":\"left\",\"title_breakpoint\":\"xl\",\"image_position\":\"center-center\"},\"children\":[{\"type\":\"row\",\"children\":[{\"type\":\"column\",\"props\":{\"position_sticky_breakpoint\":\"m\",\"image_position\":\"center-center\",\"media_overlay_gradient\":\"\"},\"children\":[{\"type\":\"headline\",\"props\":{\"title_element\":\"h2\",\"content\":\"Votre avis est tr\\u00e8s important pour nous\",\"title_color\":\"primary\",\"text_align\":\"center\"}},{\"type\":\"panel-slider-morna\",\"props\":{\"show_title\":true,\"show_meta\":true,\"show_content\":true,\"show_image\":true,\"show_link\":true,\"slider_width\":\"fixed\",\"slider_width_default\":\"1-1\",\"slider_width_medium\":\"1-3\",\"slider_gap\":\"small\",\"slider_autoplay_pause\":true,\"nav\":\"\",\"nav_align\":\"center\",\"nav_breakpoint\":\"s\",\"slidenav\":\"top-right\",\"slidenav_margin\":\"\",\"slidenav_breakpoint\":\"\",\"slidenav_outside_breakpoint\":\"xl\",\"panel_card_match\":true,\"title_hover_style\":\"reset\",\"title_element\":\"h3\",\"title_align\":\"top\",\"title_grid_width\":\"1-2\",\"title_grid_breakpoint\":\"m\",\"meta_style\":\"meta\",\"meta_align\":\"below-content\",\"meta_element\":\"div\",\"content_column_breakpoint\":\"m\",\"icon_width\":80,\"image_align\":\"top\",\"image_grid_width\":\"1-2\",\"image_grid_breakpoint\":\"m\",\"image_svg_color\":\"emphasis\",\"link_text\":\"Read more\",\"link_style\":\"default\",\"margin\":\"default\",\"slidenav_color\":\"light\",\"location_style\":\"meta\",\"location_element\":\"div\",\"text_align\":\"center\",\"panel_padding\":\"default\",\"title_style\":\"lead\",\"title_color\":\"secondary\",\"title_margin\":\"remove\",\"title_font_family\":\"primary\",\"location_color\":\"secondary\",\"location_margin\":\"small\",\"content_margin\":\"small\",\"meta_color\":\"muted\",\"css\":\".el-item{\\n    display: flex;\\n    flex-direction: column;\\n}\\n\\n.el-meta{\\n    margin-top: auto !important;\\n}\\n\\n.uk-slidenav-container{\\n\\tmargin: 5px\\n}\",\"meta_margin\":\"remove\",\"content_color\":\"primary\"},\"children\":[{\"type\":\"panel-slider_item-morna\",\"props\":{\"panel_style\":\"tile-muted\"},\"source\":{\"query\":{\"name\":\"testimoniess.customTestimoniess\",\"arguments\":{\"users\":[],\"users_operator\":\"IN\",\"offset\":0,\"limit\":10,\"order\":\"date\",\"order_direction\":\"DESC\"}},\"props\":{\"title\":{\"filters\":{\"search\":\"\"},\"name\":\"title\"},\"meta\":{\"filters\":{\"search\":\"\"},\"name\":\"field.metadata\"},\"content\":{\"filters\":{\"search\":\"\"},\"name\":\"field.comment\"},\"location\":{\"filters\":{\"search\":\"\"},\"name\":\"field.location\"},\"_condition\":{\"filters\":{\"condition\":\"=\",\"condition_value\":\"true\"},\"name\":\"field.mostrar_na_homepage\"}}}}]}]}]}],\"name\":\"Ilhas\"}],\"version\":\"2.7.22\"} --><\/p>\n","protected":false},"excerpt":{"rendered":"<p>MORNA HOMESVotre Maison dans L\u2019Atlantique Venez d\u00e9couvrir une de nos \u00eeles Pico Morna Homes a l\u2019une des maisons les plus c\u00e9l\u00e8bres de l\u2019\u00eele qui vous attend, avec une vue privil\u00e9gi\u00e9e sur la charmante plus haute montagne du Portugal. Mad\u00e8re D\u00e9couvrez Mad\u00e8re depuis Funchal. Les maisons Morna Homes sont la base id\u00e9ale pour explorer la ville [&hellip;]<\/p>\n","protected":false},"author":1,"featured_media":0,"parent":0,"menu_order":5,"comment_status":"open","ping_status":"closed","template":"","meta":{"footnotes":""},"class_list":["post-2655","page","type-page","status-publish","hentry"],"acf":[],"yoast_head":"<!-- This site is optimized with the Yoast SEO plugin v19.6.1 - https:\/\/yoast.com\/wordpress\/plugins\/seo\/ -->\n<title>Morna Homes -Votre maison dans L\u2019Atlantique<\/title>\n<meta name=\"description\" content=\"Si vous cherchez un logement local sur l\u2019\u00eele de Mad\u00e8re, Porto Santo, ou sur l\u2019\u00eele de Pico, aux A\u00e7ores, il y a une Morna Homes pr\u00eate \u00e0 vous accueillir\" \/>\n<meta name=\"robots\" content=\"index, follow, max-snippet:-1, max-image-preview:large, max-video-preview:-1\" \/>\n<link rel=\"canonical\" href=\"https:\/\/mornahomes.com\/\" \/>\n<meta property=\"og:locale\" content=\"fr_FR\" \/>\n<meta property=\"og:type\" content=\"article\" \/>\n<meta property=\"og:title\" content=\"Morna Homes -Votre maison dans L\u2019Atlantique\" \/>\n<meta property=\"og:description\" content=\"Si vous cherchez un logement local sur l\u2019\u00eele de Mad\u00e8re, Porto Santo, ou sur l\u2019\u00eele de Pico, aux A\u00e7ores, il y a une Morna Homes pr\u00eate \u00e0 vous accueillir\" \/>\n<meta property=\"og:url\" content=\"https:\/\/mornahomes.com\/\" \/>\n<meta property=\"og:site_name\" content=\"Mornahomes\" \/>\n<meta property=\"article:publisher\" content=\"https:\/\/www.facebook.com\/mornahomes\" \/>\n<meta property=\"article:modified_time\" content=\"2023-07-28T08:58:12+00:00\" \/>\n<meta name=\"twitter:card\" content=\"summary_large_image\" \/>\n<meta name=\"twitter:label1\" content=\"Dur\u00e9e de lecture estim\u00e9e\" \/>\n\t<meta name=\"twitter:data1\" content=\"4 minutes\" \/>\n<script type=\"application\/ld+json\" class=\"yoast-schema-graph\">{\"@context\":\"https:\/\/schema.org\",\"@graph\":[{\"@type\":\"WebPage\",\"@id\":\"https:\/\/mornahomes.com\/\",\"url\":\"https:\/\/mornahomes.com\/\",\"name\":\"Morna Homes -Votre maison dans L\u2019Atlantique\",\"isPartOf\":{\"@id\":\"https:\/\/mornahomes.com\/#website\"},\"datePublished\":\"2019-09-04T14:57:03+00:00\",\"dateModified\":\"2023-07-28T08:58:12+00:00\",\"description\":\"Si vous cherchez un logement local sur l\u2019\u00eele de Mad\u00e8re, Porto Santo, ou sur l\u2019\u00eele de Pico, aux A\u00e7ores, il y a une Morna Homes pr\u00eate \u00e0 vous accueillir\",\"breadcrumb\":{\"@id\":\"https:\/\/mornahomes.com\/#breadcrumb\"},\"inLanguage\":\"fr-FR\",\"potentialAction\":[{\"@type\":\"ReadAction\",\"target\":[\"https:\/\/mornahomes.com\/\"]}]},{\"@type\":\"BreadcrumbList\",\"@id\":\"https:\/\/mornahomes.com\/#breadcrumb\",\"itemListElement\":[{\"@type\":\"ListItem\",\"position\":1,\"name\":\"Home\",\"item\":\"https:\/\/mornahomes.com\/\"},{\"@type\":\"ListItem\",\"position\":2,\"name\":\"Home\"}]},{\"@type\":\"WebSite\",\"@id\":\"https:\/\/mornahomes.com\/#website\",\"url\":\"https:\/\/mornahomes.com\/\",\"name\":\"Mornahomes\",\"description\":\"Alojamento local\",\"publisher\":{\"@id\":\"https:\/\/mornahomes.com\/#organization\"},\"potentialAction\":[{\"@type\":\"SearchAction\",\"target\":{\"@type\":\"EntryPoint\",\"urlTemplate\":\"https:\/\/mornahomes.com\/?s={search_term_string}\"},\"query-input\":\"required name=search_term_string\"}],\"inLanguage\":\"fr-FR\"},{\"@type\":\"Organization\",\"@id\":\"https:\/\/mornahomes.com\/#organization\",\"name\":\"Mornahomes\",\"url\":\"https:\/\/mornahomes.com\/\",\"sameAs\":[\"https:\/\/www.instagram.com\/mornahomes\/\",\"https:\/\/www.facebook.com\/mornahomes\"],\"logo\":{\"@type\":\"ImageObject\",\"inLanguage\":\"fr-FR\",\"@id\":\"https:\/\/mornahomes.com\/#\/schema\/logo\/image\/\",\"url\":\"https:\/\/mornahomes.com\/wp-content\/uploads\/2022\/09\/logo-menu-1.svg\",\"contentUrl\":\"https:\/\/mornahomes.com\/wp-content\/uploads\/2022\/09\/logo-menu-1.svg\",\"caption\":\"Mornahomes\"},\"image\":{\"@id\":\"https:\/\/mornahomes.com\/#\/schema\/logo\/image\/\"}}]}<\/script>\n<!-- \/ Yoast SEO plugin. -->","yoast_head_json":{"title":"Morna Homes -Votre maison dans L\u2019Atlantique","description":"Si vous cherchez un logement local sur l\u2019\u00eele de Mad\u00e8re, Porto Santo, ou sur l\u2019\u00eele de Pico, aux A\u00e7ores, il y a une Morna Homes pr\u00eate \u00e0 vous accueillir","robots":{"index":"index","follow":"follow","max-snippet":"max-snippet:-1","max-image-preview":"max-image-preview:large","max-video-preview":"max-video-preview:-1"},"canonical":"https:\/\/mornahomes.com\/","og_locale":"fr_FR","og_type":"article","og_title":"Morna Homes -Votre maison dans L\u2019Atlantique","og_description":"Si vous cherchez un logement local sur l\u2019\u00eele de Mad\u00e8re, Porto Santo, ou sur l\u2019\u00eele de Pico, aux A\u00e7ores, il y a une Morna Homes pr\u00eate \u00e0 vous accueillir","og_url":"https:\/\/mornahomes.com\/","og_site_name":"Mornahomes","article_publisher":"https:\/\/www.facebook.com\/mornahomes","article_modified_time":"2023-07-28T08:58:12+00:00","twitter_card":"summary_large_image","twitter_misc":{"Dur\u00e9e de lecture estim\u00e9e":"4 minutes"},"schema":{"@context":"https:\/\/schema.org","@graph":[{"@type":"WebPage","@id":"https:\/\/mornahomes.com\/","url":"https:\/\/mornahomes.com\/","name":"Morna Homes -Votre maison dans L\u2019Atlantique","isPartOf":{"@id":"https:\/\/mornahomes.com\/#website"},"datePublished":"2019-09-04T14:57:03+00:00","dateModified":"2023-07-28T08:58:12+00:00","description":"Si vous cherchez un logement local sur l\u2019\u00eele de Mad\u00e8re, Porto Santo, ou sur l\u2019\u00eele de Pico, aux A\u00e7ores, il y a une Morna Homes pr\u00eate \u00e0 vous accueillir","breadcrumb":{"@id":"https:\/\/mornahomes.com\/#breadcrumb"},"inLanguage":"fr-FR","potentialAction":[{"@type":"ReadAction","target":["https:\/\/mornahomes.com\/"]}]},{"@type":"BreadcrumbList","@id":"https:\/\/mornahomes.com\/#breadcrumb","itemListElement":[{"@type":"ListItem","position":1,"name":"Home","item":"https:\/\/mornahomes.com\/"},{"@type":"ListItem","position":2,"name":"Home"}]},{"@type":"WebSite","@id":"https:\/\/mornahomes.com\/#website","url":"https:\/\/mornahomes.com\/","name":"Mornahomes","description":"Alojamento local","publisher":{"@id":"https:\/\/mornahomes.com\/#organization"},"potentialAction":[{"@type":"SearchAction","target":{"@type":"EntryPoint","urlTemplate":"https:\/\/mornahomes.com\/?s={search_term_string}"},"query-input":"required name=search_term_string"}],"inLanguage":"fr-FR"},{"@type":"Organization","@id":"https:\/\/mornahomes.com\/#organization","name":"Mornahomes","url":"https:\/\/mornahomes.com\/","sameAs":["https:\/\/www.instagram.com\/mornahomes\/","https:\/\/www.facebook.com\/mornahomes"],"logo":{"@type":"ImageObject","inLanguage":"fr-FR","@id":"https:\/\/mornahomes.com\/#\/schema\/logo\/image\/","url":"https:\/\/mornahomes.com\/wp-content\/uploads\/2022\/09\/logo-menu-1.svg","contentUrl":"https:\/\/mornahomes.com\/wp-content\/uploads\/2022\/09\/logo-menu-1.svg","caption":"Mornahomes"},"image":{"@id":"https:\/\/mornahomes.com\/#\/schema\/logo\/image\/"}}]}},"_links":{"self":[{"href":"https:\/\/mornahomes.com\/fr\/wp-json\/wp\/v2\/pages\/2655","targetHints":{"allow":["GET"]}}],"collection":[{"href":"https:\/\/mornahomes.com\/fr\/wp-json\/wp\/v2\/pages"}],"about":[{"href":"https:\/\/mornahomes.com\/fr\/wp-json\/wp\/v2\/types\/page"}],"author":[{"embeddable":true,"href":"https:\/\/mornahomes.com\/fr\/wp-json\/wp\/v2\/users\/1"}],"replies":[{"embeddable":true,"href":"https:\/\/mornahomes.com\/fr\/wp-json\/wp\/v2\/comments?post=2655"}],"version-history":[{"count":13,"href":"https:\/\/mornahomes.com\/fr\/wp-json\/wp\/v2\/pages\/2655\/revisions"}],"predecessor-version":[{"id":3083,"href":"https:\/\/mornahomes.com\/fr\/wp-json\/wp\/v2\/pages\/2655\/revisions\/3083"}],"wp:attachment":[{"href":"https:\/\/mornahomes.com\/fr\/wp-json\/wp\/v2\/media?parent=2655"}],"curies":[{"name":"wp","href":"https:\/\/api.w.org\/{rel}","templated":true}]}}